{"id":526,"date":"2018-05-24T16:08:09","date_gmt":"2018-05-24T14:08:09","guid":{"rendered":"http:\/\/www.manfred-enderle.de\/?page_id=526"},"modified":"2020-05-07T09:54:48","modified_gmt":"2020-05-07T07:54:48","slug":"impressum-und-datenschutz","status":"publish","type":"page","link":"https:\/\/www.manfred-enderle.de\/index.php\/impressum-und-datenschutz\/","title":{"rendered":"Impressum und Datenschutz"},"content":{"rendered":"<p>Diese Homepage geh\u00f6rt:<\/p>\n<p><strong>Manfred Enderle<\/strong><\/p>\n<p><strong>Am Wasser 22<\/strong><\/p>\n<p><strong>D-89340 Leipheim-Riedheim<\/strong><\/p>\n<p><strong>Fax: \u00a0032121065353<\/strong><\/p>\n<p>&nbsp;<\/p>\n<p><strong>D a t e n s c h u t z :<\/strong><\/p>\n<p>Der Betreiber dieser Seiten nimmt den Schutz Ihrer pers\u00f6nlichen Daten sehr ernst. Wir behandeln Ihre personenbezogenen Daten vertraulich und entsprechend den gesetzlichen Datenschutzvorschriften sowie dieser Datenschutzerkl\u00e4rung.<br \/>\nPersonenbezogene Daten sind Daten, mit denen Sie pers\u00f6nlich identifiziert werden k\u00f6nnen.<\/p>\n<p>Wir versenden keinen Newsletter und keinerlei Kontaktformular.<\/p>\n<p><strong>Allgemeine Hinweise<\/strong><\/p>\n<p>Die vorliegende Datenschutzerkl\u00e4rung erl\u00e4utert, welche Daten wir erheben und wie und zu welchem Zweck dies geschieht.<br \/>\nWir weisen darauf hin, dass die Daten\u00fcbertragung im Internet (z.\u00a0B. bei der Kommunikation per E-Mail) Sicherheitsl\u00fccken aufweisen kann. Ein l\u00fcckenloser Schutz der Daten vor dem Zugriff durch Dritte ist nicht m\u00f6glich.<\/p>\n<p><strong>Wer ist verantwortlich f\u00fcr die Datenerfassung auf dieser Website<\/strong><\/p>\n<p>Die Datenverarbeitung auf dieser Website erfolgt durch den Websitebetreiber. Dessen Kontaktdaten k\u00f6nnen Sie dem Impressum dieser Website entnehmen.<\/p>\n<p><strong>Wie erfassen wir Ihre Daten und wozu nutzen wir sie<\/strong><br \/>\nBeim Besuch der Website werden zum anderen Daten automatisch und anonymisiert durch unser System (Zugriffsz\u00e4hler) erfasst. Das sind technische Daten (z.\u00a0B. Internetbrowser, Betriebssystem oder Uhrzeit des Seitenaufrufs).<\/p>\n<p><strong>Cookies<\/strong><\/p>\n<p>Unsere Website verwendet keine und setzt keine Cookies.<\/p>\n<p>&nbsp;<\/p>\n<p><strong>Welche Rechte haben Sie bez\u00fcglich Ihrer Daten<\/strong><\/p>\n<p>Sie haben jederzeit das Recht unentgeltlich Auskunft \u00fcber Herkunft, Empf\u00e4nger und Zweck Ihrer gespeicherten personenbezogenen Daten zu erhalten. Sie haben au\u00dferdem ein Recht, die Berichtigung, Sperrung oder L\u00f6schung dieser Daten zu verlangen. Hierzu sowie zu weiteren Fragen zum Thema Datenschutz k\u00f6nnen Sie sich jederzeit unter der im Impressum angegebenen Adresse an uns wenden. Des Weiteren steht Ihnen ein Beschwerderecht bei der zust\u00e4ndigen Aufsichtsbeh\u00f6rde zu.<\/p>\n<p><strong>Beschwerderecht bei der zust\u00e4ndigen Aufsichtsbeh\u00f6rde<\/strong><\/p>\n<p>Im Falle datenschutzrechtlicher Verst\u00f6\u00dfe steht dem Betroffenen ein Beschwerderecht bei der zust\u00e4ndigen Aufsichtsbeh\u00f6rde zu. Zust\u00e4ndige Aufsichtsbeh\u00f6rde in datenschutzrechtlichen Fragen ist der Landesdatenschutzbeauftragte des Bundeslandes, in dem unser Unternehmen seinen Sitz hat. Eine Liste der Datenschutzbeauftragten sowie deren Kontaktdaten k\u00f6nnen folgendem Link entnommen werden: https:\/\/www.bfdi.bund.de\/DE\/Infothek\/Anschriften_Links\/anschriften_links-node.html.<\/p>\n<p><b>Recht auf Daten\u00fcbertragbarkeit<\/b><\/p>\n<p>Sie haben das Recht, Daten, die wir auf Grundlage Ihrer Einwilligung oder in Erf\u00fcllung eines Vertrags automatisiert verarbeiten, an sich oder an einen Dritten in einem g\u00e4ngigen, maschinenlesbaren Format aush\u00e4ndigen zu lassen. Sofern Sie die direkte \u00dcbertragung der Daten an einen anderen Verantwortlichen verlangen, erfolgt dies nur, soweit es technisch machbar ist.<\/p>\n","protected":false},"excerpt":{"rendered":"<p>Diese Homepage geh\u00f6rt: Manfred Enderle Am Wasser 22 D-89340 Leipheim-Riedheim Fax: \u00a0032121065353 &nbsp; D a t e n s c h u t z : Der Betreiber dieser Seiten nimmt den Schutz Ihrer pers\u00f6nlichen Daten sehr ernst. Wir behandeln Ihre personenbezogenen Daten vertraulich und entsprechend den gesetzlichen Datenschutzvorschriften sowie dieser Datenschutzerkl\u00e4rung. Personenbezogene Daten sind Daten, &hellip; <\/p>\n<p class=\"link-more\"><a href=\"https:\/\/www.manfred-enderle.de\/index.php\/impressum-und-datenschutz\/\" class=\"more-link\"><span class=\"screen-reader-text\">\u201eImpressum und Datenschutz\u201c<\/span> weiterlesen<\/a><\/p>\n","protected":false},"author":2,"featured_media":0,"parent":0,"menu_order":0,"comment_status":"closed","ping_status":"closed","template":"","meta":{"footnotes":""},"class_list":["post-526","page","type-page","status-publish","hentry"],"_links":{"self":[{"href":"https:\/\/www.manfred-enderle.de\/index.php\/wp-json\/wp\/v2\/pages\/526"}],"collection":[{"href":"https:\/\/www.manfred-enderle.de\/index.php\/wp-json\/wp\/v2\/pages"}],"about":[{"href":"https:\/\/www.manfred-enderle.de\/index.php\/wp-json\/wp\/v2\/types\/page"}],"author":[{"embeddable":true,"href":"https:\/\/www.manfred-enderle.de\/index.php\/wp-json\/wp\/v2\/users\/2"}],"replies":[{"embeddable":true,"href":"https:\/\/www.manfred-enderle.de\/index.php\/wp-json\/wp\/v2\/comments?post=526"}],"version-history":[{"count":7,"href":"https:\/\/www.manfred-enderle.de\/index.php\/wp-json\/wp\/v2\/pages\/526\/revisions"}],"predecessor-version":[{"id":631,"href":"https:\/\/www.manfred-enderle.de\/index.php\/wp-json\/wp\/v2\/pages\/526\/revisions\/631"}],"wp:attachment":[{"href":"https:\/\/www.manfred-enderle.de\/index.php\/wp-json\/wp\/v2\/media?parent=526"}],"curies":[{"name":"wp","href":"https:\/\/api.w.org\/{rel}","templated":true}]}}