{"id":5,"date":"2017-04-18T21:29:58","date_gmt":"2017-04-18T19:29:58","guid":{"rendered":"http:\/\/www.manfred-enderle.de\/?page_id=5"},"modified":"2024-09-30T16:22:02","modified_gmt":"2024-09-30T14:22:02","slug":"fuhrungen","status":"publish","type":"page","link":"https:\/\/www.manfred-enderle.de\/index.php\/fuhrungen\/","title":{"rendered":"F\u00fchrungen"},"content":{"rendered":"<p><span style=\"font-family: arial, helvetica, sans-serif; font-size: 24pt; color: #ff0000;\"><strong><u>Pilzkundliche F\u00fchrungen und Vortr\u00e4ge<\/u><\/strong><\/span><\/p>\n<p><strong>unter Leitung von <em>Manfred Enderle<\/em>, Referent und Pilzsachverst\u00e4ndiger der Deutschen Gesellschaft f\u00fcr Mykologie e. V. (DGfM), <\/strong><strong>Gr\u00fcnder und Ehrenvorsitzender der Arbeitsgemeinschaft Mykologie Ulm e. V. (AMU), Ehrenmitglied des Vereins f\u00fcr Naturwissenschaft und Mathematik in Ulm e. V. , Ehrenmitglied des Ravenna-Pilzvereins (Italien).<\/strong><\/p>\n<p><strong>Bei www.youtube.com k\u00f6nnen Sie 8 Pilzinterviews mit mir bei diversen Fernsehsendern anschauen.\u00a0Einfach meinen Vor- und Nachnamen bei www.youtube.com in die Suchleiste\u00a0eintippen.<\/strong><\/p>\n<p>Es kann auch mein Vortrag mit dem Thema &#8222;Die wichtigsten heimischen Speise- und Giftpilze&#8220; (Dauer ca. 1 Stunde) gebucht werden. Teilnehmer an F\u00fchrungen werden gebeten, sich fr\u00fchzeitig f\u00fcr eine F\u00fchrung beim jeweiligen Veranstalter anzumelden (2-3 Wochen vorher).<\/p>\n<p>Meine Telefonnummer finden Sie im Telefonbuch.<\/p>\n<p><strong> \u00a0 \u00a0 \u00a0 \u00a0 \u00a0 \u00a0 \u00a0 \u00a0 \u00a0 \u00a0 \u00a0 \u00a0 \u00a0 \u00a0 \u00a0 \u00a0 \u00a0 \u00a0 \u00a0 \u00a0 \u00a0 \u00a0 \u00a0 \u00a0 \u00a0 \u00a0 \u00a0 \u00a0 \u00a0\u00a0<\/strong>oooOOOooo<\/p>\n<p><strong>Pilzkundlich Interessierte treffen sich jeden 1. Montag im Monat um 19.30 Uhr zum \u201ePilzstammtisch\u201c der Arbeitsgemeinschaft Mykologie Ulm e. V.(AMU) im Nebenzimmer der Speisegastst\u00e4tte &#8222;Gut Holz\u201c, Schwabenstr. 35, 89231 Neu-Ulm. Interessenten, auch Anf\u00e4nger, sind herzlich willkommen! Ausk\u00fcnfte unter Tel.\u00a0 07391-4268 (Christian Fischer).<\/strong><\/p>\n<p><strong>Botanisch und biologisch Interessierte k\u00f6nnen Mitglied werden beim Verein f\u00fcr Naturwissenschaft und Mathematik in Ulm e. V. \u00a0<\/strong><strong>Ausk\u00fcnfte unter Tel.\u00a007345-22668 (Brigitte Sulzberger).<\/strong><\/p>\n","protected":false},"excerpt":{"rendered":"<p>Pilzkundliche F\u00fchrungen und Vortr\u00e4ge unter Leitung von Manfred Enderle, Referent und Pilzsachverst\u00e4ndiger der Deutschen Gesellschaft f\u00fcr Mykologie e. V. (DGfM), Gr\u00fcnder und Ehrenvorsitzender der Arbeitsgemeinschaft Mykologie Ulm e. V. (AMU), Ehrenmitglied des Vereins f\u00fcr Naturwissenschaft und Mathematik in Ulm e. V. , Ehrenmitglied des Ravenna-Pilzvereins (Italien). Bei www.youtube.com k\u00f6nnen Sie 8 Pilzinterviews mit mir bei &hellip; <\/p>\n<p class=\"link-more\"><a href=\"https:\/\/www.manfred-enderle.de\/index.php\/fuhrungen\/\" class=\"more-link\"><span class=\"screen-reader-text\">\u201eF\u00fchrungen\u201c<\/span> weiterlesen<\/a><\/p>\n","protected":false},"author":1,"featured_media":0,"parent":0,"menu_order":0,"comment_status":"closed","ping_status":"closed","template":"","meta":{"footnotes":""},"class_list":["post-5","page","type-page","status-publish","hentry"],"_links":{"self":[{"href":"https:\/\/www.manfred-enderle.de\/index.php\/wp-json\/wp\/v2\/pages\/5"}],"collection":[{"href":"https:\/\/www.manfred-enderle.de\/index.php\/wp-json\/wp\/v2\/pages"}],"about":[{"href":"https:\/\/www.manfred-enderle.de\/index.php\/wp-json\/wp\/v2\/types\/page"}],"author":[{"embeddable":true,"href":"https:\/\/www.manfred-enderle.de\/index.php\/wp-json\/wp\/v2\/users\/1"}],"replies":[{"embeddable":true,"href":"https:\/\/www.manfred-enderle.de\/index.php\/wp-json\/wp\/v2\/comments?post=5"}],"version-history":[{"count":55,"href":"https:\/\/www.manfred-enderle.de\/index.php\/wp-json\/wp\/v2\/pages\/5\/revisions"}],"predecessor-version":[{"id":738,"href":"https:\/\/www.manfred-enderle.de\/index.php\/wp-json\/wp\/v2\/pages\/5\/revisions\/738"}],"wp:attachment":[{"href":"https:\/\/www.manfred-enderle.de\/index.php\/wp-json\/wp\/v2\/media?parent=5"}],"curies":[{"name":"wp","href":"https:\/\/api.w.org\/{rel}","templated":true}]}}