{"id":348,"date":"2017-04-26T10:33:42","date_gmt":"2017-04-26T08:33:42","guid":{"rendered":"http:\/\/www.manfred-enderle.de\/?page_id=348"},"modified":"2025-02-09T13:55:50","modified_gmt":"2025-02-09T11:55:50","slug":"auszeichnungen","status":"publish","type":"page","link":"https:\/\/www.manfred-enderle.de\/index.php\/auszeichnungen\/","title":{"rendered":"Auszeichnungen"},"content":{"rendered":"<figure id=\"attachment_139\" aria-describedby=\"caption-attachment-139\" style=\"width: 483px\" class=\"wp-caption aligncenter\"><img loading=\"lazy\" decoding=\"async\" class=\"wp-image-139 size-full\" src=\"http:\/\/www.manfred-enderle.de\/wp-content\/uploads\/2017\/04\/verdienstkreuz.jpg\" alt=\"\" width=\"483\" height=\"342\" srcset=\"https:\/\/www.manfred-enderle.de\/wp-content\/uploads\/2017\/04\/verdienstkreuz.jpg 483w, https:\/\/www.manfred-enderle.de\/wp-content\/uploads\/2017\/04\/verdienstkreuz-300x212.jpg 300w\" sizes=\"(max-width: 483px) 100vw, 483px\" \/><figcaption id=\"caption-attachment-139\" class=\"wp-caption-text\"><strong>Erhalt des Bundesverdienstkreuzes am Bande, 1987 (damals j\u00fcngster Tr\u00e4ger in Bayern), Laudatio: Dr. Thomas Goppel, Ministerium f\u00fcr Kunst und Wissenschaft, M\u00fcnchen<\/strong><\/figcaption><\/figure>\n<p><img loading=\"lazy\" decoding=\"async\" class=\"alignnone size-medium wp-image-741\" src=\"http:\/\/www.manfred-enderle.de\/wp-content\/uploads\/2025\/02\/Mitgliedsurkunde-Regensburgische-Botanische-Gesellschaft-218x300.png\" alt=\"\" width=\"218\" height=\"300\" srcset=\"https:\/\/www.manfred-enderle.de\/wp-content\/uploads\/2025\/02\/Mitgliedsurkunde-Regensburgische-Botanische-Gesellschaft-218x300.png 218w, https:\/\/www.manfred-enderle.de\/wp-content\/uploads\/2025\/02\/Mitgliedsurkunde-Regensburgische-Botanische-Gesellschaft-745x1024.png 745w, https:\/\/www.manfred-enderle.de\/wp-content\/uploads\/2025\/02\/Mitgliedsurkunde-Regensburgische-Botanische-Gesellschaft-768x1055.png 768w, https:\/\/www.manfred-enderle.de\/wp-content\/uploads\/2025\/02\/Mitgliedsurkunde-Regensburgische-Botanische-Gesellschaft-1118x1536.png 1118w, https:\/\/www.manfred-enderle.de\/wp-content\/uploads\/2025\/02\/Mitgliedsurkunde-Regensburgische-Botanische-Gesellschaft.png 1275w\" sizes=\"(max-width: 218px) 100vw, 218px\" \/><\/p>\n<figure id=\"attachment_145\" aria-describedby=\"caption-attachment-145\" style=\"width: 2112px\" class=\"wp-caption aligncenter\"><img loading=\"lazy\" decoding=\"async\" class=\"wp-image-145 size-full\" src=\"http:\/\/www.manfred-enderle.de\/wp-content\/uploads\/2017\/04\/Zeitungsartikel_Landespreis2-e1493217947931.jpg\" alt=\"\" width=\"2112\" height=\"1120\" \/><figcaption id=\"caption-attachment-145\" class=\"wp-caption-text\"><span style=\"font-size: 12pt;\"><strong>Landespreis Baden-W\u00fcrttemberg f\u00fcr Heimatforschung (Pilzforschung), 2005<\/strong><\/span><\/figcaption><\/figure>\n<figure id=\"attachment_112\" aria-describedby=\"caption-attachment-112\" style=\"width: 2167px\" class=\"wp-caption aligncenter\"><img loading=\"lazy\" decoding=\"async\" class=\"wp-image-112 size-full\" src=\"http:\/\/www.manfred-enderle.de\/wp-content\/uploads\/2017\/04\/A_de_Bary_Zeitungsbericht2-e1493222565622.jpg\" alt=\"\" width=\"2167\" height=\"1063\" \/><figcaption id=\"caption-attachment-112\" class=\"wp-caption-text\"><span style=\"font-size: 12pt;\"><strong>Erhalt des Anton-de-Bary-Preises 2005 der Universit\u00e4t Regensburg und der Regensburgischen Botanischen Gesellschaft (\u00e4lteste botanische Gesellschaft der Welt)<\/strong><\/span><\/figcaption><\/figure>\n<figure id=\"attachment_138\" aria-describedby=\"caption-attachment-138\" style=\"width: 1700px\" class=\"wp-caption aligncenter\"><img loading=\"lazy\" decoding=\"async\" class=\"wp-image-138 size-full\" src=\"http:\/\/www.manfred-enderle.de\/wp-content\/uploads\/2017\/04\/umweltpreis_guenzburg_06.jpg\" alt=\"\" width=\"1700\" height=\"2400\" srcset=\"https:\/\/www.manfred-enderle.de\/wp-content\/uploads\/2017\/04\/umweltpreis_guenzburg_06.jpg 1700w, https:\/\/www.manfred-enderle.de\/wp-content\/uploads\/2017\/04\/umweltpreis_guenzburg_06-213x300.jpg 213w, https:\/\/www.manfred-enderle.de\/wp-content\/uploads\/2017\/04\/umweltpreis_guenzburg_06-768x1084.jpg 768w, https:\/\/www.manfred-enderle.de\/wp-content\/uploads\/2017\/04\/umweltpreis_guenzburg_06-725x1024.jpg 725w\" sizes=\"(max-width: 706px) 89vw, (max-width: 767px) 82vw, 740px\" \/><figcaption id=\"caption-attachment-138\" class=\"wp-caption-text\"><span style=\"font-size: 12pt;\"><strong>Umweltpreis 2006 des Landkreises G\u00fcnzburg<\/strong><\/span><\/figcaption><\/figure>\n<figure id=\"attachment_135\" aria-describedby=\"caption-attachment-135\" style=\"width: 663px\" class=\"wp-caption aligncenter\"><img loading=\"lazy\" decoding=\"async\" class=\"wp-image-135 size-full\" src=\"http:\/\/www.manfred-enderle.de\/wp-content\/uploads\/2017\/04\/Ricken_Preis_Urkunde.jpg\" alt=\"\" width=\"663\" height=\"924\" srcset=\"https:\/\/www.manfred-enderle.de\/wp-content\/uploads\/2017\/04\/Ricken_Preis_Urkunde.jpg 663w, https:\/\/www.manfred-enderle.de\/wp-content\/uploads\/2017\/04\/Ricken_Preis_Urkunde-215x300.jpg 215w\" sizes=\"(max-width: 663px) 100vw, 663px\" \/><figcaption id=\"caption-attachment-135\" class=\"wp-caption-text\"><span style=\"font-size: 12pt;\"><strong>Adalbert-Ricken-Preis 1987 der Deutschen Gesellschaft f\u00fcr Mykologie (DGfM) e. V. (f\u00fcr Pilzforschung)<\/strong><\/span><\/figcaption><\/figure>\n<p><span style=\"font-size: 14pt;\"><strong>Manfred Enderle: <\/strong><\/span><\/p>\n<p><span style=\"font-size: 14pt;\"><strong>Gr\u00fcnder und Ehrenvorsitzender des Ulmer Pilzvereins &#8222;Arbeitsgemeinschaft Mykologie Ulm e. V.&#8220;<\/strong><\/span><\/p>\n<p><span style=\"font-size: 14pt;\"><strong>Ehrenmitglied des &#8222;Vereins f\u00fcr Naturwissenschaft und Mathematik in Ulm e. V&#8220;<\/strong><\/span><\/p>\n<p><span style=\"font-size: 14pt;\"><strong>Ehrenmitglied des Ravenna (Italien) Pilzvereins <\/strong><\/span><\/p>\n<p><span style=\"font-size: 14pt;\"><strong>Hauptansprechpartner der Giftnotrufzentrale M\u00fcnchen<\/strong><\/span><\/p>\n<p><strong><span style=\"font-size: 14pt;\">Mitgr\u00fcnder des &#8222;G\u00fcnzburger Literatur- und Autorenvereins&#8220;<\/span><\/strong><\/p>\n<p><a href=\"http:\/\/www.manfred-enderle.de\/wp-content\/uploads\/2017\/04\/Zeitungsartikel-Neu-Ulmer-Zeitung-29.8.14.pdf\">Zeitungsartikel, Neu-Ulmer Zeitung, 29.8.14<\/a><\/p>\n\n<div class=\"wp-block-image\">\n<figure class=\"alignright size-large\"><img loading=\"lazy\" decoding=\"async\" width=\"1024\" height=\"681\" src=\"http:\/\/www.manfred-enderle.de\/wp-content\/uploads\/2024\/09\/7-Schwaben-Medaille-1024x681.jpg\" alt=\"\" class=\"wp-image-702\" srcset=\"https:\/\/www.manfred-enderle.de\/wp-content\/uploads\/2024\/09\/7-Schwaben-Medaille-1024x681.jpg 1024w, https:\/\/www.manfred-enderle.de\/wp-content\/uploads\/2024\/09\/7-Schwaben-Medaille-300x199.jpg 300w, https:\/\/www.manfred-enderle.de\/wp-content\/uploads\/2024\/09\/7-Schwaben-Medaille-768x511.jpg 768w, https:\/\/www.manfred-enderle.de\/wp-content\/uploads\/2024\/09\/7-Schwaben-Medaille-1536x1021.jpg 1536w, https:\/\/www.manfred-enderle.de\/wp-content\/uploads\/2024\/09\/7-Schwaben-Medaille-2048x1362.jpg 2048w\" sizes=\"(max-width: 706px) 89vw, (max-width: 767px) 82vw, 740px\" \/><\/figure><\/div>\n\n\n<p><\/p>\n","protected":false},"excerpt":{"rendered":"<p>Manfred Enderle: Gr\u00fcnder und Ehrenvorsitzender des Ulmer Pilzvereins &#8222;Arbeitsgemeinschaft Mykologie Ulm e. V.&#8220; Ehrenmitglied des &#8222;Vereins f\u00fcr Naturwissenschaft und Mathematik in Ulm e. V&#8220; Ehrenmitglied des Ravenna (Italien) Pilzvereins Hauptansprechpartner der Giftnotrufzentrale M\u00fcnchen Mitgr\u00fcnder des &#8222;G\u00fcnzburger Literatur- und Autorenvereins&#8220; Zeitungsartikel, Neu-Ulmer Zeitung, 29.8.14<\/p>\n","protected":false},"author":2,"featured_media":0,"parent":0,"menu_order":0,"comment_status":"closed","ping_status":"closed","template":"","meta":{"footnotes":""},"class_list":["post-348","page","type-page","status-publish","hentry"],"_links":{"self":[{"href":"https:\/\/www.manfred-enderle.de\/index.php\/wp-json\/wp\/v2\/pages\/348"}],"collection":[{"href":"https:\/\/www.manfred-enderle.de\/index.php\/wp-json\/wp\/v2\/pages"}],"about":[{"href":"https:\/\/www.manfred-enderle.de\/index.php\/wp-json\/wp\/v2\/types\/page"}],"author":[{"embeddable":true,"href":"https:\/\/www.manfred-enderle.de\/index.php\/wp-json\/wp\/v2\/users\/2"}],"replies":[{"embeddable":true,"href":"https:\/\/www.manfred-enderle.de\/index.php\/wp-json\/wp\/v2\/comments?post=348"}],"version-history":[{"count":41,"href":"https:\/\/www.manfred-enderle.de\/index.php\/wp-json\/wp\/v2\/pages\/348\/revisions"}],"predecessor-version":[{"id":742,"href":"https:\/\/www.manfred-enderle.de\/index.php\/wp-json\/wp\/v2\/pages\/348\/revisions\/742"}],"wp:attachment":[{"href":"https:\/\/www.manfred-enderle.de\/index.php\/wp-json\/wp\/v2\/media?parent=348"}],"curies":[{"name":"wp","href":"https:\/\/api.w.org\/{rel}","templated":true}]}}