{"id":227,"date":"2017-04-19T15:26:16","date_gmt":"2017-04-19T13:26:16","guid":{"rendered":"http:\/\/www.manfred-enderle.de\/?page_id=227"},"modified":"2024-09-29T16:36:45","modified_gmt":"2024-09-29T14:36:45","slug":"pilzbuch","status":"publish","type":"page","link":"https:\/\/www.manfred-enderle.de\/index.php\/pilze\/pilzbuch\/","title":{"rendered":"Pilzb\u00fccher"},"content":{"rendered":"<h6><\/h6>\n<table style=\"height: 73px;\" width=\"552\">\n<tbody>\n<tr>\n<td style=\"text-align: center; width: 578.667px;\">\n<p style=\"text-align: left;\"><span style=\"font-size: 18pt;\"><strong>\u00a0 \u00a0 \u00a0 \u00a0 \u00a0 \u00a0 \u00a0 \u00a0 \u00a0 \u00a0 \u00a0 \u00a0 \u00a0 \u00a0 \u00a0 \u00a0 \u00a0\u00a0Die Pilzflora des Ulmer Raumes<\/strong><\/span><\/p>\n<\/td>\n<\/tr>\n<\/tbody>\n<\/table>\n<p><img loading=\"lazy\" decoding=\"async\" class=\"alignnone wp-image-312\" src=\"http:\/\/www.manfred-enderle.de\/wp-content\/uploads\/2017\/04\/001-210x300.jpg\" alt=\"\" width=\"314\" height=\"450\" srcset=\"https:\/\/www.manfred-enderle.de\/wp-content\/uploads\/2017\/04\/001-210x300.jpg 210w, https:\/\/www.manfred-enderle.de\/wp-content\/uploads\/2017\/04\/001-768x1099.jpg 768w, https:\/\/www.manfred-enderle.de\/wp-content\/uploads\/2017\/04\/001-716x1024.jpg 716w, https:\/\/www.manfred-enderle.de\/wp-content\/uploads\/2017\/04\/001.jpg 1940w\" sizes=\"(max-width: 314px) 100vw, 314px\" \/>\u00a0 \u00a0 \u00a0 \u00a0 \u00a0 \u00a0<img loading=\"lazy\" decoding=\"async\" class=\"alignnone wp-image-313\" src=\"http:\/\/www.manfred-enderle.de\/wp-content\/uploads\/2017\/04\/522-206x300.jpg\" alt=\"\" width=\"315\" height=\"458\" srcset=\"https:\/\/www.manfred-enderle.de\/wp-content\/uploads\/2017\/04\/522-206x300.jpg 206w, https:\/\/www.manfred-enderle.de\/wp-content\/uploads\/2017\/04\/522-768x1117.jpg 768w, https:\/\/www.manfred-enderle.de\/wp-content\/uploads\/2017\/04\/522-704x1024.jpg 704w, https:\/\/www.manfred-enderle.de\/wp-content\/uploads\/2017\/04\/522.jpg 1948w\" sizes=\"(max-width: 315px) 100vw, 315px\" \/><\/p>\n<table>\n<tbody>\n<tr>\n<td><strong>&#8222;<\/strong><strong>Die\u00a0Pilzflora des Ulmer Raumes<\/strong><strong>&#8220;\u00a0wurde vom Herausgeber, dem Verein f\u00fcr Naturwissenschaft und Mathematik in Ulm e. V., weltweit in 27 L\u00e4ndern versandt!!<\/strong><strong>Sie ist in der Druckversion nur noch in ganz wenigen Exemplaren vorhanden! Eine digitalisierte Form (eingescannt) ist mittlerweile verf\u00fcgbar; siehe unten.<\/strong>Hinweise zum obigen Buch:Lokale Pilzflora des Ulmer Raumes, 521 Druckseiten, mit ca. 250 Farbfotos von interessanten, sch\u00f6nen oder seltenen Pilzarten; zahlreiche Strichzeichnungen von makro- und mikroskopischen Pilzmerkmalen; ca. 50 Schwarzwei\u00dffotos von etwa 150 deutschen und europ\u00e4ischen Mykologen und Pilzkundlern (die \u201eUlmer\u201c Pilze bestimmten); Nennung bzw. Darstellung von etwa 2800 Pilzarten, -variet\u00e4ten und \u2013formen aus dem Ulmer Raum; s\u00e4mtliche Arten sind nach ihrem Rote-Liste-Status kategorisiert. Auch die 50 h\u00e4ufigsten Speise- und Giftpilzarten im Ulmer Raum werden in Wort und Bild vorgestellt;Buchgr\u00f6\u00dfe 24,4 cm hoch, 17,2 cm breit, 3,6 cm dick; 4-Farbendruck, strapazierf\u00e4hige Fadenbindung; fester Farbeinband (Hardcover, Detailansicht (PDF)), Gewicht ca. 1,5 kg; ISBN 3-88294-336-XHier k\u00f6nnen Sie einige Probeseiten anschauen:<\/p>\n<table>\n<tbody>\n<tr>\n<td><a href=\"http:\/\/www.manfred-enderle.de\/joomla\/images\/stories\/pilzbuch\/10_11.pdf\"><strong>10-11<\/strong><\/a><\/td>\n<td><a href=\"http:\/\/www.manfred-enderle.de\/joomla\/images\/stories\/pilzbuch\/110_111.pdf\"><strong>110-111<\/strong><\/a><\/td>\n<td><a href=\"http:\/\/www.manfred-enderle.de\/joomla\/images\/stories\/pilzbuch\/258-259.pdf\"><strong>258-259<\/strong><\/a><\/td>\n<\/tr>\n<tr>\n<td><a href=\"http:\/\/www.manfred-enderle.de\/joomla\/images\/stories\/pilzbuch\/270_271.pdf\"><strong>270-271<\/strong><\/a><\/td>\n<td><a href=\"http:\/\/www.manfred-enderle.de\/joomla\/images\/stories\/pilzbuch\/286_287.pdf\"><strong>286-287\u00a0<\/strong><\/a><\/td>\n<td><a href=\"http:\/\/www.manfred-enderle.de\/joomla\/images\/stories\/pilzbuch\/318_319.pdf\"><strong>318-319<\/strong><\/a><\/td>\n<\/tr>\n<tr>\n<td><a href=\"http:\/\/www.manfred-enderle.de\/joomla\/images\/stories\/pilzbuch\/326_327.pdf\"><strong>326-327<\/strong><\/a><\/td>\n<td><a href=\"http:\/\/www.manfred-enderle.de\/joomla\/images\/stories\/pilzbuch\/328_329.pdf\"><strong>328-329<\/strong><\/a><\/td>\n<td><a href=\"http:\/\/www.manfred-enderle.de\/joomla\/images\/stories\/pilzbuch\/334_335.pdf\"><strong>334-335<\/strong><\/a><\/td>\n<\/tr>\n<tr>\n<td><a href=\"http:\/\/www.manfred-enderle.de\/joomla\/images\/stories\/pilzbuch\/428_429.pdf\"><strong>428-429<\/strong><\/a><\/td>\n<td><a href=\"http:\/\/www.manfred-enderle.de\/joomla\/images\/stories\/pilzbuch\/446_447.pdf\"><strong>446-447<\/strong><\/a><\/td>\n<td><\/td>\n<\/tr>\n<\/tbody>\n<\/table>\n<p>Au\u00dferdem stelle ich das gesamte Buch kostenlos zum <a href=\"https:\/\/c.web.de\/@324539764390756542\/QMuf46AbSmaX4hbTm8b82Q\" target=\"_blank\" rel=\"noopener\">Download im PDF Format<\/a> zur Verf\u00fcgung.<\/p>\n<table>\n<tbody>\n<tr>\n<td><\/td>\n<td><\/td>\n<\/tr>\n<tr>\n<td>Herausgeber:<\/td>\n<td>Verein f\u00fcr Naturwissenschaft und Mathematik in Ulm e. V.<\/td>\n<\/tr>\n<tr>\n<td>Erscheinungstermin:<\/td>\n<td>1. Mai 2004<\/td>\n<\/tr>\n<tr>\n<td>Erh\u00e4ltlich bei:<\/td>\n<td>Manfred Enderle, Am Wasser 22, D-89340 Leipheim-Riedheim,<br \/>\nMeine Telefonnummer finden Sie im Telefonbuch.<\/td>\n<\/tr>\n<\/tbody>\n<\/table>\n<p>Weitere Pilzb\u00fccher von M. Enderle:<\/p>\n<p><strong>\u201ePilze auf Holz\u201c<\/strong><br \/>\nSpeisepilze, Holzzersetzer, Baumsch\u00e4dlinge<br \/>\nvon Manfred Enderle &amp; Hans E. Laux<br \/>\n128 Seiten, mit 112 Farbfotos<br \/>\nKosmos-Bestimmungsf\u00fchrer<br \/>\nFranckh\u2019sche Verlagshandlung, Stuttgart, 1980<\/p>\n<figure id=\"attachment_274\" aria-describedby=\"caption-attachment-274\" style=\"width: 199px\" class=\"wp-caption alignnone\"><img loading=\"lazy\" decoding=\"async\" class=\"size-medium wp-image-274\" src=\"http:\/\/www.manfred-enderle.de\/wp-content\/uploads\/2017\/04\/DSC_0138-199x300.jpg\" alt=\"\" width=\"199\" height=\"300\" srcset=\"https:\/\/www.manfred-enderle.de\/wp-content\/uploads\/2017\/04\/DSC_0138-199x300.jpg 199w, https:\/\/www.manfred-enderle.de\/wp-content\/uploads\/2017\/04\/DSC_0138-768x1155.jpg 768w, https:\/\/www.manfred-enderle.de\/wp-content\/uploads\/2017\/04\/DSC_0138-681x1024.jpg 681w, https:\/\/www.manfred-enderle.de\/wp-content\/uploads\/2017\/04\/DSC_0138.jpg 2000w\" sizes=\"(max-width: 199px) 100vw, 199px\" \/><figcaption id=\"caption-attachment-274\" class=\"wp-caption-text\">Cover Pilze auf Holz<\/figcaption><\/figure>\n<p><strong>\u201ePaddestolen op hout\u201c<\/strong><br \/>\nholl\u00e4ndische Ausgabe von \u201cPilze auf Holz\u201d<br \/>\nvon Manfred Enderle &amp; Hans E. Laux<br \/>\nerschienen im Thieme-Verlag, Zutphen\/Holland<br \/>\nAusf\u00fchrung wie die deutschsprachige Ausgabe<\/p>\n<p><strong>\u201eRisspilze (Inocyben)\u201c<\/strong><br \/>\n(4. Beitrag zur Kenntnis der Ulmer Pilzflora)<br \/>\nvon Manfred Enderle &amp; Johann Stangl<br \/>\nerschienen beim Verein f\u00fcr Naturwiss. u. Math. in Ulm e.V., 1981<br \/>\n92 Seiten, mit zahlreichen Farbfotos seltener oder<br \/>\nwenig abgebildeter Risspilze; brosch\u00fcrt, Format DIN A4<\/p>\n<p><strong>\u201eUlmer Pilzflora 1979-83\u201c<\/strong><br \/>\nPolyporales, Poriales, Inocyben, Pyrenomyceten<br \/>\nvon Manfred Enderle et al.<br \/>\nerschienen beim Verein f\u00fcr Naturwiss. u. Math. in Ulm e.V., 1983<br \/>\n288 Seiten, mit zahlreichen Schwarzwei\u00dffotos und Strichzeichnungen<br \/>\nmit festem Leineneinband (hardcover); Format DIN A5<\/p>\n<p>&#8212;&#8212;&#8212;&#8212;&#8212;&#8212;&#8212;&#8212;&#8212;&#8212;&#8212;&#8212;&#8212;&#8212;&#8212;&#8212;&#8212;&#8212;&#8212;&#8212;&#8212;&#8212;&#8212;&#8212;&#8212;&#8212;&#8212;&#8212;&#8212;&#8212;&#8212;-<\/p>\n<p>Bericht von W. Pytlik (\u00a0<a href=\"mailto:walter.pytlik@uni-ulm.de\"><strong>walter.pytlik@uni-ulm.de<\/strong><\/a>) im Internet unter:\u00a0<a href=\"http:\/\/www.bio-pro.de\/ulm\"><strong>www.bio-pro.de\/ulm<\/strong><\/a>, link &#8222;Aktuelles&#8220; (danach nach unten scrollen):<\/p>\n<p><strong>13.11.2009<\/strong><\/p>\n<p><span style=\"font-size: 14pt;\"><strong>Fasziniert vom inneren Reichtum der Unscheinbaren<\/strong><\/span><\/p>\n<p><strong>Waldspazierg\u00e4nge sind f\u00fcr Manfred Enderle kein Genuss. St\u00e4ndig stutzt er, bleibt stehen, b\u00fcckt sich, gibt Gr\u00e4sern und Str\u00e4uchern botanische Namen. Vor allem aber sieht der 62-j\u00e4hrige Schwabe \u00fcberall Pilze, entdeckt sie auf Bl\u00e4ttern, unter Laub, auf totem Holz oder lebenden B\u00e4umen. Wer den \u201ePilzpapst\u201c, wie ihn die Lokalpresse nennt, auf einem seiner Streifz\u00fcge begleitet, ahnt, warum die Pilzflora des Ulmer Raums in der Fachwelt mit rund 2.800 Taxa zu den am besten erschlossenen Regionen Europas z\u00e4hlt.<\/strong><\/p>\n<p>Mykologe und Natursch\u00fctzer: Manfred Enderle.\u00a0(\u00a9 Pytlik) (Foto nur im Internet)<\/p>\n<p>Diese mykologische Ber\u00fchmtheit verdankt die Gegend um Ulm und Neu-Ulm einem Exportkaufmann und Dolmetscher, dessen Publikationsliste mehr als 100 Titel umfasst. An Ehrbezeugungen der akademischen Welt fehlt es nicht. Einzig die Ehrendoktorw\u00fcrde fehlte noch. Kollegen benannten Pilze nach ihm, so Entoloma enderlei (Enderles R\u00f6tling) oder Conocybe enderlei (Enderles Samth\u00e4ubchen). Auch seiner Heimat hat der nichtakademische Wissenschaftler ein taxonomisches Denkmal in der Welt der Botanik gesetzt: Leipheimer Helmling (Mycena caliginosa), Riedheimer R\u00f6tling (Entoloma reidheimensis), Pfuhler R\u00f6tling (Entoloma sodidolamellatum Noordeloos &amp; Enderle).<br \/>\n2004 erschien \u201eDie Pilzflora des Ulmer Raumes\u201c, der Botaniker sogleich internationale Bedeutung beima\u00dfen. Auf 521 Seiten zog hier der Amateur-Mykologe Enderle die Summe seines forschenden Schaffens. Das Buch enth\u00e4lt die von Enderle 44 neu beschriebenen, neu kombinierten, im Status ver\u00e4nderten oder validierten Pilzarten bzw. -sippen. Das sind mehr als ein Prozent der in Deutschland registrierten Arten und Variet\u00e4ten.<\/p>\n<p><strong>Von akademischer Fachwelt geehrt<\/strong><\/p>\n<p>Der essbare Samtfu\u00dfr\u00f6hrling w\u00e4chst in der k\u00e4lteren Jahreszeit, auch in milderen Winterphasen.\u00a0(\u00a9 Enderle) (Foto nur im Internet)<\/p>\n<p>Im selben Jahr ehrte ihn die welt\u00e4lteste Regensburger Botanische Gesellschaft, die schon Goethe und Humboldt zu ihren Ehrenmitgliedern z\u00e4hlte, mit dem Anton-Bary-Preis f\u00fcr sein Lebenswerk. \u201eManfred Enderle ist sicher einer der besten Kenner der schwierigen und schlecht bekannten Gruppe von kleinen Bl\u00e4tterpilzen (Conocybe) in Deutschland\u201c, er habe \u201ewichtige und international anerkannte Beitr\u00e4ge zur Systematik und Morphologie der Pilze geleistet\u201c, urteilte die Fachwelt \u00fcber ihren ersten nichtakademischen Preistr\u00e4ger.<\/p>\n<p>Ans Licht der Wissenschaft drang Enderle 1979 mit einem Beitrag \u00fcber Polyporales und Poriales\/Aphyllophorales (Nichtbl\u00e4tterpilze), der in den Mitteilungen des Vereins Naturwissenschaft und Mathematik in Ulm erschien. Es folgten weit \u00fcber 100 Publikationen, allein oder mit anderen Autoren.<\/p>\n<p><strong>\u201eEs hat mich wie ein Virus befallen\u201c<\/strong><\/p>\n<p>Typischer Z\u00f6gling des botanischen Sozialarbeiters Enderle, ein Saprophyt auf Totholz.\u00a0(\u00a9 Pytlik) (Foto nur im Internet)<\/p>\n<p>Der Weg zum Pilzforscher war f\u00fcr Enderle beschwerlich. Es dauerte Jahre, bis der Nichtakademiker mit Hilfe von Lehrmeistern, darunter waren Hochschuldozenten und Gymnasiallehrer, in der Lage war, selbst wissenschaftliche Artikel zu schreiben. Es folgten mehr als 20 Jahre, in denen Enderle in jeder freien Minute durch die Buchen-, Linden-Ahornw\u00e4lder, Eichen-Hainbuchen-Mischw\u00e4lder, Donau-Auw\u00e4lder oder Fichtenforste streifte.<br \/>\nW\u00e4hrend andere H\u00e4user bauten, besuchte Enderle, von seiner Frau stets unterst\u00fctzt, Symposien und Tagungen. Und er heimste Preise und Auszeichnungen ein, darunter das Bundesverdienstkreuz 1988, womit er Bayerns j\u00fcngster Tr\u00e4ger war. \u201eEs hat mich wie ein Virus befallen\u201c, beschreibt Enderle dieses Doppelleben von Erwerbsarbeit und Pilzforschung. \u201eBeseelt\u201c und ein St\u00fcck weit \u201ebesessen\u201c sei er gewesen, habe die damit verbundenen M\u00fchen und Anstrengungen weggesteckt.<\/p>\n<p><strong>Unbekanntes Innenleben aufdecken, zeichnen, beschreiben<\/strong><\/p>\n<p>Ausl\u00f6ser f\u00fcr Enderles \u201eForschert\u00e4tigkeit\u201c war eine Pilz-F\u00fchrung der Volkshochschule im Wald, die ihm viele Antworten schuldig blieb und seinen Forscherehrgeiz weckte. \u201eEs bereitete mir riesigen Spa\u00df, das bislang weitgehend unbekannte Innenleben von Pilzarten unter dem Mikroskop aufzudecken, zu zeichnen, zu beschreiben\u201c, sagt Enderle, der von Gro\u00dfeltern und Eltern die Liebe zur Natur gelernt hat.<\/p>\n<p>Der \u201ebotanische Sozialarbeiter\u201c (Enderle \u00fcber Enderle) interessierte sich stets f\u00fcr die Unscheinbaren, Unbeachteten, die Schwachen, h\u00e4tte sich niemals mit Rosen oder Orchideen abgegeben. \u00dcber die \u201eUnderdogs\u201c schreibt der Englisch-Dolmetscher Enderle in seinem Hauptwerk: \u201e(Es) war mir immer unverst\u00e4ndlich, dass schwierige oder schwer bestimmbare Funde resigniert weggeworfen wurden, w\u00e4hrend f\u00fcr Allerweltsarten umfangreiche Notizen, Auswertungen und Meldungen gemacht wurden\u201c.<\/p>\n<p><strong>Die aufw\u00e4ndige Arbeit beginnt an Ort und Stelle<\/strong><\/p>\n<p>Mehr als 3.000 Seiten h\u00e4tte das Buch umfasst, h\u00e4tte Manfred Enderle in sein Opus magnum all seine Gelehrsamkeit gepackt.\u00a0(\u00a9 privat) (Foto nur im Internet)<\/p>\n<p>Die Bestimmung vieler Pilzgruppen kostet Zeit, weil sie mikroskopische Untersuchungen erfordert; h\u00e4ufig muss schwer zug\u00e4ngliche Spezialliteratur konsultiert werden. F\u00fcr den Mykologen beginnt die Arbeit mit der genauen Beschreibung des Pilzstandortes, ehe seine ver\u00e4nderlichen Merkmale (Velum- oder Cortinareste, die Farbe junger Lamellen, Fleischverf\u00e4rbung an verletzten Fruchtk\u00f6rperstellen) festgehalten werden.<\/p>\n<p>Im ersten, umf\u00e4nglichen Teil seiner \u201eUlmer Pilzflora\u201c beschreibt Enderle anschaulich die makroskopischen (Hut-, Lamellen- und Stielform, Farbe, Konsistenz, Gr\u00f6\u00dfe, aber auch Geruch, Geschmack) und mikroskopischen Schritte (Gr\u00f6\u00dfe und Gestalt der Sporen, F\u00e4rbbarkeit der Gewebestrukturen, Schichtung der W\u00e4nde, Dicke und F\u00e4rbung der Paraphysen), die zur Bestimmung eines Pilzes n\u00f6tig sind.<\/p>\n<p>Im einf\u00fchrenden Teil seines Hauptwerks, das mehr als ein pilzkundliches Fachbuch ist, \u201everr\u00e4t\u201c sich der Wissenschaftler Enderle, der er \u00fcber die Jahrzehnte hin geworden ist. Der genie\u00dft durchaus den gestalterischen Reichtum des Winzigen: \u201eDas Mikroskop erschlie\u00dft uns eine neue Welt interessanter Formen und Strukturen, die uns ansonsten verborgen blieben\u201c. Zugleich aber bringt er durch vergleichende und messende Beobachtungen die f\u00fcr den Mykologen wesentliche Distanz mit, die nicht in der \u00c4sthetik dieses Teilbereichs der Botanik verharrt.<\/p>\n<p><strong>Das lodernde Feuer des Natursch\u00fctzers<\/strong><\/p>\n<p>Mit der Beschreibung ver\u00e4nderlicher Merkmale wie hier von Lamellen beginnt die aufw\u00e4ndige Arbeit der Pilzbestimmung.\u00a0(\u00a9 Pytlik) (Foto nur im Internet)<\/p>\n<p>Die wissenschaftliche Publizistik hat Enderle inzwischen gegen die Belletristik eingetauscht. Sein Herbar und seine Holotypen wird er dem Staatlichen Naturkundemuseum in Karlsruhe vermachen. Das Feuer des Natursch\u00fctzers lodert aber unvermindert in ihm weiter. Fast ein Drittel der rund 1.400 bekannten Pilzarten in Deutschland sind gef\u00e4hrdet, wei\u00df Enderle, der an den Roten Listen mitgearbeitet hat. Dass so viele Pilzarten bedroht sind, h\u00e4ngt f\u00fcr den \u201eW\u00e4chter des Auwaldes\u201c auch mit wachsender Naturzerst\u00f6rung zusammen.<\/p>\n<p>\u201eWenn Sie wie ich viele Jahre kniend durch den Wald rutschen, kleine Pilze unter dem Laub suchen, dann kriegen Sie eine intime Liebe zur Natur\u201c, erkl\u00e4rt Manfred Enderle. \u201eZivilcourage\u201c nennt er seinen Einsatz f\u00fcr die Naturbelassenheit des Waldes, den er oft mit Hilfe der Medien austr\u00e4gt. Viele Verb\u00fcndete hat er nicht: \u201eEs gibt nur ganz wenige Natursch\u00fctzer, meistens sind es Menschensch\u00fctzer.\u201c<\/p>\n<p>Ein Beitrag von:\u00a0\u00a0<a href=\"mailto:walter.pytlik@uni-ulm.de\"><strong>walter.pytlik@uni-ulm.de<\/strong><\/a><\/p>\n<p>wp &#8211; 13.11.2009<\/p>\n<p>\u00a9 BIOPRO Baden-W\u00fcrttemberg GmbH<\/td>\n<\/tr>\n<\/tbody>\n<\/table>\n","protected":false},"excerpt":{"rendered":"<p>\u00a0 \u00a0 \u00a0 \u00a0 \u00a0 \u00a0 \u00a0 \u00a0 \u00a0 \u00a0 \u00a0 \u00a0 \u00a0 \u00a0 \u00a0 \u00a0 \u00a0\u00a0Die Pilzflora des Ulmer Raumes \u00a0 \u00a0 \u00a0 \u00a0 \u00a0 \u00a0 &#8222;Die\u00a0Pilzflora des Ulmer Raumes&#8220;\u00a0wurde vom Herausgeber, dem Verein f\u00fcr Naturwissenschaft und Mathematik in Ulm e. V., weltweit in 27 L\u00e4ndern versandt!!Sie ist in der Druckversion nur noch in &hellip; <\/p>\n<p class=\"link-more\"><a href=\"https:\/\/www.manfred-enderle.de\/index.php\/pilze\/pilzbuch\/\" class=\"more-link\"><span class=\"screen-reader-text\">\u201ePilzb\u00fccher\u201c<\/span> weiterlesen<\/a><\/p>\n","protected":false},"author":2,"featured_media":0,"parent":283,"menu_order":0,"comment_status":"closed","ping_status":"closed","template":"","meta":{"footnotes":""},"class_list":["post-227","page","type-page","status-publish","hentry"],"_links":{"self":[{"href":"https:\/\/www.manfred-enderle.de\/index.php\/wp-json\/wp\/v2\/pages\/227"}],"collection":[{"href":"https:\/\/www.manfred-enderle.de\/index.php\/wp-json\/wp\/v2\/pages"}],"about":[{"href":"https:\/\/www.manfred-enderle.de\/index.php\/wp-json\/wp\/v2\/types\/page"}],"author":[{"embeddable":true,"href":"https:\/\/www.manfred-enderle.de\/index.php\/wp-json\/wp\/v2\/users\/2"}],"replies":[{"embeddable":true,"href":"https:\/\/www.manfred-enderle.de\/index.php\/wp-json\/wp\/v2\/comments?post=227"}],"version-history":[{"count":28,"href":"https:\/\/www.manfred-enderle.de\/index.php\/wp-json\/wp\/v2\/pages\/227\/revisions"}],"predecessor-version":[{"id":730,"href":"https:\/\/www.manfred-enderle.de\/index.php\/wp-json\/wp\/v2\/pages\/227\/revisions\/730"}],"up":[{"embeddable":true,"href":"https:\/\/www.manfred-enderle.de\/index.php\/wp-json\/wp\/v2\/pages\/283"}],"wp:attachment":[{"href":"https:\/\/www.manfred-enderle.de\/index.php\/wp-json\/wp\/v2\/media?parent=227"}],"curies":[{"name":"wp","href":"https:\/\/api.w.org\/{rel}","templated":true}]}}